{"id":26,"date":"2019-12-28T01:22:09","date_gmt":"2019-12-28T00:22:09","guid":{"rendered":"http:\/\/ecocityzen.fr\/?page_id=26"},"modified":"2020-10-20T23:54:26","modified_gmt":"2020-10-20T21:54:26","slug":"a-propos","status":"publish","type":"page","link":"https:\/\/ecocityzen.fr\/index.php\/a-propos\/","title":{"rendered":"A propos"},"content":{"rendered":"\n<p>Un mode de vie durable ECOCITYZEN c\u2019est :<\/p>\n\n\n\n<p>+ conscience \u00e9cologique<br>+ \u00e9quilibre<br>+ d\u2019engagement<br>+ \u00e9nergie<br>+ sant\u00e9<br>+ temps<br>+ d&rsquo;\u00e9conomies<br>+ joie<br>+ d&rsquo;enthousiasme<\/p>\n\n\n\n<p>L\u2019exp\u00e9rience Ecocityzen , c\u2019est le partage d\u2019exp\u00e9riences, de d\u00e9couvertes, d\u2019apprentissages, de transmission.<\/p>\n\n\n\n<p>C\u2019est aiguiser son esprit critique, d\u00e9velopper sa cr\u00e9ativit\u00e9, cr\u00e9er du lien social, de la convivialit\u00e9.<\/p>\n\n\n\n<p>C\u2019est une exp\u00e9rience ludique, joyeuse, d\u2019enrichissement mutuel et positif.<\/p>\n","protected":false},"excerpt":{"rendered":"<p>Un mode de vie durable ECOCITYZEN c\u2019est : + conscience \u00e9cologique+ \u00e9quilibre+ d\u2019engagement+ \u00e9nergie+ sant\u00e9+ temps+ d&rsquo;\u00e9conomies+ joie+ d&rsquo;enthousiasme L\u2019exp\u00e9rience Ecocityzen , c\u2019est le partage d\u2019exp\u00e9riences, de d\u00e9couvertes, d\u2019apprentissages, de transmission. C\u2019est aiguiser son esprit critique, d\u00e9velopper sa cr\u00e9ativit\u00e9, cr\u00e9er&hellip;<\/p>\n","protected":false},"author":1,"featured_media":0,"parent":0,"menu_order":0,"comment_status":"closed","ping_status":"closed","template":"","meta":[],"yoast_head":"<!-- This site is optimized with the Yoast SEO plugin v15.2.1 - https:\/\/yoast.com\/wordpress\/plugins\/seo\/ -->\n<title>A propos - Ecocityzen<\/title>\n<meta name=\"robots\" content=\"index, follow, max-snippet:-1, max-image-preview:large, max-video-preview:-1\" \/>\n<link rel=\"canonical\" href=\"https:\/\/ecocityzen.fr\/index.php\/a-propos\/\" \/>\n<meta property=\"og:locale\" content=\"fr_FR\" \/>\n<meta property=\"og:type\" content=\"article\" \/>\n<meta property=\"og:title\" content=\"A propos - Ecocityzen\" \/>\n<meta property=\"og:description\" content=\"Un mode de vie durable ECOCITYZEN c\u2019est : + conscience \u00e9cologique+ \u00e9quilibre+ d\u2019engagement+ \u00e9nergie+ sant\u00e9+ temps+ d&rsquo;\u00e9conomies+ joie+ d&rsquo;enthousiasme L\u2019exp\u00e9rience Ecocityzen , c\u2019est le partage d\u2019exp\u00e9riences, de d\u00e9couvertes, d\u2019apprentissages, de transmission. C\u2019est aiguiser son esprit critique, d\u00e9velopper sa cr\u00e9ativit\u00e9, cr\u00e9er&hellip;\" \/>\n<meta property=\"og:url\" content=\"https:\/\/ecocityzen.fr\/index.php\/a-propos\/\" \/>\n<meta property=\"og:site_name\" content=\"Ecocityzen\" \/>\n<meta property=\"article:modified_time\" content=\"2020-10-20T21:54:26+00:00\" \/>\n<meta name=\"twitter:card\" content=\"summary_large_image\" \/>\n<script type=\"application\/ld+json\" class=\"yoast-schema-graph\">{\"@context\":\"https:\/\/schema.org\",\"@graph\":[{\"@type\":\"WebSite\",\"@id\":\"https:\/\/ecocityzen.fr\/#website\",\"url\":\"https:\/\/ecocityzen.fr\/\",\"name\":\"Ecocityzen\",\"description\":\"Devenez acteurs de la ville durable\",\"potentialAction\":[{\"@type\":\"SearchAction\",\"target\":\"https:\/\/ecocityzen.fr\/?s={search_term_string}\",\"query-input\":\"required name=search_term_string\"}],\"inLanguage\":\"fr-FR\"},{\"@type\":\"WebPage\",\"@id\":\"https:\/\/ecocityzen.fr\/index.php\/a-propos\/#webpage\",\"url\":\"https:\/\/ecocityzen.fr\/index.php\/a-propos\/\",\"name\":\"A propos - Ecocityzen\",\"isPartOf\":{\"@id\":\"https:\/\/ecocityzen.fr\/#website\"},\"datePublished\":\"2019-12-28T00:22:09+00:00\",\"dateModified\":\"2020-10-20T21:54:26+00:00\",\"inLanguage\":\"fr-FR\",\"potentialAction\":[{\"@type\":\"ReadAction\",\"target\":[\"https:\/\/ecocityzen.fr\/index.php\/a-propos\/\"]}]}]}<\/script>\n<!-- \/ Yoast SEO plugin. -->","_links":{"self":[{"href":"https:\/\/ecocityzen.fr\/index.php\/wp-json\/wp\/v2\/pages\/26"}],"collection":[{"href":"https:\/\/ecocityzen.fr\/index.php\/wp-json\/wp\/v2\/pages"}],"about":[{"href":"https:\/\/ecocityzen.fr\/index.php\/wp-json\/wp\/v2\/types\/page"}],"author":[{"embeddable":true,"href":"https:\/\/ecocityzen.fr\/index.php\/wp-json\/wp\/v2\/users\/1"}],"replies":[{"embeddable":true,"href":"https:\/\/ecocityzen.fr\/index.php\/wp-json\/wp\/v2\/comments?post=26"}],"version-history":[{"count":2,"href":"https:\/\/ecocityzen.fr\/index.php\/wp-json\/wp\/v2\/pages\/26\/revisions"}],"predecessor-version":[{"id":303,"href":"https:\/\/ecocityzen.fr\/index.php\/wp-json\/wp\/v2\/pages\/26\/revisions\/303"}],"wp:attachment":[{"href":"https:\/\/ecocityzen.fr\/index.php\/wp-json\/wp\/v2\/media?parent=26"}],"curies":[{"name":"wp","href":"https:\/\/api.w.org\/{rel}","templated":true}]}}